{"id":1009,"date":"2026-04-13T16:30:45","date_gmt":"2026-04-13T14:30:45","guid":{"rendered":"https:\/\/stai-project.eu\/?page_id=1009"},"modified":"2026-04-14T18:46:30","modified_gmt":"2026-04-14T16:46:30","slug":"barrierefreiheit","status":"publish","type":"page","link":"https:\/\/stai-project.eu\/it\/barrierefreiheit\/","title":{"rendered":"Barrierefreiheit"},"content":{"rendered":"<div class=\"brz brz-root__container brz-reset-all brz-root__container-page\" >\n<section id=\"so__5_pGyUPw_so__5_pGyUPw\" class=\"brz-section brz-css-d-section brz-css-19gm9pk\">\n<div class=\"brz-section__content brz-section--boxed brz-css-d-sectionitem-bg brz-css-x9dg34\" data-brz-custom-id=\"yfrbchAsMjai\">\n<div class=\"brz-container brz-css-d-sectionitem-container brz-css-16rbfhm\">\n<div id=\"\" class=\"brz-css-d-wrapper brz-css-1qio1x9 brz-wrapper\">\n<div class=\"brz-menu__container brz-css-d-menu-menu-container brz-css-cbsir4\" data-brz-menu-accessible=\"true\" data-brz-custom-id=\"rELXlpVWeKKQ\">\n<nav data-mods=\"%7B%22desktop%22%3A%22horizontal%22%2C%22tablet%22%3A%22horizontal%22%2C%22mobile%22%3A%22horizontal%22%7D\" class=\"brz-menu brz-menu__preview brz-css-d-menu-menu brz-css-11ypksb\">\n<ul class=\"brz-menu__ul\" data-menu-items-active=\"\">\n<li data-menu-item-id=\"3bc23ff43f3358f2636187a64040514b\" class=\"brz-menu__item trp-language-switcher-container trp-menu-ls-item trp-menu-ls-desktop current-language-menu-item menu-item menu-item-type-post_type menu-item-object-language_switcher\"><a class=\"brz-a\" target=\"\" href=\"https:\/\/stai-project.eu\/wp-admin\/admin-ajax.php?action=brizy_update_item&#038;version=358-wp&#038;hash=a1c92ddca2\"><span class=\"brz-span\"><span class=\"trp-menu-ls-label\" data-no-translation title=\"German\"><img src=\"https:\/\/stai-project.eu\/wp-content\/plugins\/translatepress-multilingual\/assets\/flags\/4x3\/de_DE.svg\" class=\"trp-flag-image\" alt=\"\" role=\"presentation\" loading=\"lazy\" decoding=\"async\" width=\"18\" height=\"14\" \/> <span class=\"trp-ls-language-name\">German<\/span><\/span><\/span><\/a><\/li>\n<li data-menu-item-id=\"059b6b0c443df63e94d83b13d6953eb0\" class=\"brz-menu__item trp-language-switcher-container trp-menu-ls-item trp-menu-ls-desktop menu-item menu-item-type-post_type menu-item-object-language_switcher\"><a class=\"brz-a\" target=\"\" href=\"https:\/\/stai-project.eu\/wp-admin\/admin-ajax.php?action=brizy_update_item&#038;version=358-wp&#038;hash=a1c92ddca2\"><span class=\"brz-span\"><span class=\"trp-menu-ls-label\" data-no-translation title=\"Czech\"><img src=\"https:\/\/stai-project.eu\/wp-content\/plugins\/translatepress-multilingual\/assets\/flags\/4x3\/cs_CZ.svg\" class=\"trp-flag-image\" alt=\"\" role=\"presentation\" loading=\"lazy\" decoding=\"async\" width=\"18\" height=\"14\" \/> <span class=\"trp-ls-language-name\">Czech<\/span><\/span><\/span><\/a><\/li>\n<li data-menu-item-id=\"c52950d705f1f8983a3fee763c47c716\" class=\"brz-menu__item trp-language-switcher-container trp-menu-ls-item trp-menu-ls-desktop menu-item menu-item-type-post_type menu-item-object-language_switcher\"><a class=\"brz-a\" target=\"\" href=\"https:\/\/stai-project.eu\/wp-admin\/admin-ajax.php?action=brizy_update_item&#038;version=358-wp&#038;hash=a1c92ddca2\"><span class=\"brz-span\"><span class=\"trp-menu-ls-label\" data-no-translation title=\"Italian\"><img src=\"https:\/\/stai-project.eu\/wp-content\/plugins\/translatepress-multilingual\/assets\/flags\/4x3\/it_IT.svg\" class=\"trp-flag-image\" alt=\"\" role=\"presentation\" loading=\"lazy\" decoding=\"async\" width=\"18\" height=\"14\" \/> <span class=\"trp-ls-language-name\">Italian<\/span><\/span><\/span><\/a><\/li>\n<li data-menu-item-id=\"d65b3b5784df367f5eff866546d248f2\" class=\"brz-menu__item trp-language-switcher-container trp-menu-ls-item trp-menu-ls-desktop menu-item menu-item-type-post_type menu-item-object-language_switcher\"><a class=\"brz-a\" target=\"\" href=\"https:\/\/stai-project.eu\/wp-admin\/admin-ajax.php?action=brizy_update_item&#038;version=358-wp&#038;hash=a1c92ddca2\"><span class=\"brz-span\"><span class=\"trp-menu-ls-label\" data-no-translation title=\"Ukrainian\"><img src=\"https:\/\/stai-project.eu\/wp-content\/plugins\/translatepress-multilingual\/assets\/flags\/4x3\/uk.svg\" class=\"trp-flag-image\" alt=\"\" role=\"presentation\" loading=\"lazy\" decoding=\"async\" width=\"18\" height=\"14\" \/> <span class=\"trp-ls-language-name\">Ukrainian<\/span><\/span><\/span><\/a><\/li>\n<li data-menu-item-id=\"b25d00261cdfa845ecbc2bd2d5751d84\" class=\"brz-menu__item trp-language-switcher-container trp-menu-ls-item trp-menu-ls-desktop menu-item menu-item-type-post_type menu-item-object-language_switcher\"><a class=\"brz-a\" target=\"\" href=\"https:\/\/stai-project.eu\/wp-admin\/admin-ajax.php?action=brizy_update_item&#038;version=358-wp&#038;hash=a1c92ddca2\"><span class=\"brz-span\"><span class=\"trp-menu-ls-label\" data-no-translation title=\"English\"><img src=\"https:\/\/stai-project.eu\/wp-content\/plugins\/translatepress-multilingual\/assets\/flags\/4x3\/en_GB.svg\" class=\"trp-flag-image\" alt=\"\" role=\"presentation\" loading=\"lazy\" decoding=\"async\" width=\"18\" height=\"14\" \/> <span class=\"trp-ls-language-name\">English<\/span><\/span><\/span><\/a><\/li>\n<\/ul>\n<\/nav>\n<\/div>\n<\/div>\n<div id=\"\" class=\"brz-css-d-wrapper brz-css-1gv7ybk brz-wrapper\">\n<div class=\"brz-line brz-line-default brz-css-d-line brz-css-1b9c76s\" data-brz-custom-id=\"wrww0hdLJEJd\">\n<hr class=\"brz-hr\"><\/div>\n<\/div>\n<\/div>\n<\/div>\n<\/section>\n<section id=\"vwnxObRGwraA_vwnxObRGwraA\" class=\"brz-section brz-css-d-section brz-css-i9vxyz\">\n<div class=\"brz-section__content brz-section--boxed brz-css-d-sectionitem-bg brz-css-ncqfl7\" data-brz-custom-id=\"oEieSbLghQfz\">\n<div class=\"brz-container brz-css-d-sectionitem-container brz-css-11l2qme\">\n<div id=\"\" class=\"brz-css-d-wrapper brz-css-17btvy1 brz-wrapper\">\n<div class=\"brz-rich-text brz-rich-text__custom brz-css-d-richtext brz-css-zqt6tr\" data-brz-custom-id=\"r6wcvnMCfVd7\">\n<div data-brz-translate-text=\"1\">\n<h1 data-uniq-id=\"hGVwc\" data-generated-css=\"brz-css-aZdZC\" class=\"brz-tp-lg-heading1 brz-text-lg-center brz-css-aWlL6\"><span style=\"color: rgba(var(--brz-global-color3),1);\" class=\"brz-cp-color3\">Erkl\u00e4rung zur Barrierefreiheit<\/span><\/h1>\n<\/div>\n<\/div>\n<\/div>\n<div id=\"\" class=\"brz-css-d-wrapper brz-css-1uyjp7r brz-wrapper\">\n<div class=\"brz-rich-text brz-rich-text__custom brz-css-d-richtext brz-css-1n28oi\" data-brz-custom-id=\"xAs0klJq4_Mb\">\n<div data-brz-translate-text=\"1\">\n<p class=\"brz-tp-lg-paragraph brz-css-cIWHL\" data-uniq-id=\"rNgzE\" data-generated-css=\"brz-css-afg8c\"><span class=\"brz-cp-color7\">Die Beruflichen Fortbildungszentren der Bayerischen Wirtschaft (bfz) gGmbH ist bem\u00fcht, ihre Website stai-project.eu, im Einklang mit dem Barrierefreiheitsst\u00e4rkungsgesetz, barrierefrei zug\u00e4nglich zu machen.<\/span><\/p>\n<p class=\"brz-tp-lg-paragraph brz-css-zSgeq\" data-uniq-id=\"gjIHP\" data-generated-css=\"brz-css-pkmgA\"><span class=\"brz-cp-color7\"> <\/span><\/p>\n<p class=\"brz-tp-lg-paragraph brz-css-mCxEn\" data-uniq-id=\"dbxY2\" data-generated-css=\"brz-css-pWiPB\"><span class=\"brz-cp-color7\">Diese Erkl\u00e4rung zur Barrierefreiheit gilt f\u00fcr die unter der Domain <\/span><span class=\"brz-cp-color7\" style=\"color: rgb(26, 23, 27);\">stai-project.eu<\/span><span class=\"brz-cp-color7\"> ver\u00f6ffentlichten Webseite der Beruflichen Fortbildungszentren der Bayerischen Wirtschaft (bfz) gGmbH.<\/span><\/p>\n<p class=\"brz-tp-lg-paragraph brz-css-os7zz\" data-uniq-id=\"kw59w\" data-generated-css=\"brz-css-mRjSz\"><span class=\"brz-cp-color7\"> <\/span><\/p>\n<h2 class=\"brz-tp-lg-heading2 brz-css-hIo47\" data-uniq-id=\"sQQaR\" data-generated-css=\"brz-css-i6nrz\"><span class=\"brz-cp-color3\" style=\"color: rgba(var(--brz-global-color3),1);\">Stand der Verein\u00adbar\u00adkeit mit den Anfor\u00adde\u00adrungen<\/span><\/h2>\n<p class=\"brz-tp-lg-paragraph brz-css-fNe7y\" data-uniq-id=\"s08rl\" data-generated-css=\"brz-css-n_DMS\"><span class=\"brz-cp-color7\">Die Anforderungen der Barrierefreiheit ergeben sich aus dem Barrierefreiheitsst\u00e4rkungsgesetz (BFSG).<\/span><\/p>\n<p class=\"brz-tp-lg-paragraph brz-css-r37sR\" data-uniq-id=\"oJiNx\" data-generated-css=\"brz-css-rCTAG\"><span class=\"brz-cp-color7\"> <\/span><\/p>\n<p class=\"brz-tp-lg-paragraph brz-css-reObt\" data-uniq-id=\"qezjn\" data-generated-css=\"brz-css-gZSl_\"><span class=\"brz-cp-color7\">Die \u00dcberpr\u00fcfung der Einhaltung der Anforderungen beruht auf einer am 28.03.2025 durchgef\u00fchrten Selbstbewertung durch die Marketingabteilung der bfz gGmbH.<\/span><\/p>\n<p class=\"brz-tp-lg-paragraph brz-css-bgC3a\" data-uniq-id=\"qhEJu\" data-generated-css=\"brz-css-qheAx\"><span class=\"brz-cp-color7\"> <\/span><\/p>\n<p class=\"brz-tp-lg-paragraph brz-css-butVB\" data-uniq-id=\"q2Pl9\" data-generated-css=\"brz-css-qHs8F\"><span class=\"brz-cp-color7\">Diese Website ist aufgrund der folgenden Unwirksamkeiten und Ausnahmen teilweise mit dem Barrierefreiheitsst\u00e4rkungsgesetz (BFSG) vereinbar.<\/span><\/p>\n<p class=\"brz-tp-lg-paragraph brz-css-ve2ah\" data-uniq-id=\"uQN24\" data-generated-css=\"brz-css-dYORp\"><span class=\"brz-cp-color7\"> <\/span><\/p>\n<h2 class=\"brz-tp-lg-heading2 brz-css-aIbh5\" data-uniq-id=\"gnCwF\" data-generated-css=\"brz-css-bId0Z\"><span class=\"brz-cp-color3\" style=\"color: rgba(var(--brz-global-color3),1);\">Nicht barri\u00ade\u00adre\u00adfreie Inhalte<\/span><\/h2>\n<h3 class=\"brz-tp-lg-heading3 brz-css-e49uP\" data-uniq-id=\"tZkHQ\" data-generated-css=\"brz-css-q1NTo\"><span class=\"brz-cp-color3\" style=\"color: rgba(var(--brz-global-color3),1);\">Unver\u00adein\u00adbar\u00adkeit mit dem BFSG und der BFSGV<\/span><\/h3>\n<p class=\"brz-tp-lg-paragraph brz-css-zYWPm\" data-uniq-id=\"uFTQv\" data-generated-css=\"brz-css-lxcih\"><strong class=\"brz-cp-color7\"> <\/strong><\/p>\n<ul>\n<li class=\"brz-tp-lg-paragraph brz-css-oVU7A\" data-uniq-id=\"kqg_W\" data-generated-css=\"brz-css-aviHQ\"><strong class=\"brz-cp-color7\">Zum Download angebotene PDFs<\/strong><span class=\"brz-cp-color7\">:&nbsp;Dokumente werden sukzessiv \u00fcberarbeitet und zuk\u00fcnftig nur noch barrierefrei zur Verf\u00fcgung gestellt.<\/span><\/li>\n<\/ul>\n<p class=\"brz-bcp-color7 brz-tp-lg-paragraph brz-css-ysz4o\" data-uniq-id=\"i87NZ\" data-generated-css=\"brz-css-xPPte\"><span class=\"brz-cp-color7\"> <\/span><\/p>\n<h3 class=\"brz-tp-lg-heading3 brz-css-ocfob\" data-uniq-id=\"yTist\" data-generated-css=\"brz-css-mjYJa\"><span class=\"brz-cp-color3\" style=\"color: rgba(var(--brz-global-color3),1);\">Barri\u00ade\u00adre\u00adfreie Alter\u00adna\u00adtive<\/span><\/h3>\n<p class=\"brz-tp-lg-paragraph brz-css-wbBSz\" data-uniq-id=\"v1Nn0\" data-generated-css=\"brz-css-eevnM\"><span class=\"brz-cp-color7\">Sollten Probleme bez\u00fcglich nicht barrierefreier Inhalte bestehen, nehmen Sie bitte mit uns Kontakt auf. Die Kontaktdaten finden Sie am Ende der Erkl\u00e4rung.<\/span><\/p>\n<p class=\"brz-tp-lg-paragraph brz-css-goNYJ\" data-uniq-id=\"ngVWv\" data-generated-css=\"brz-css-gavI1\"><span class=\"brz-cp-color7\"> <\/span><\/p>\n<h2 class=\"brz-tp-lg-heading2 brz-css-xJQkS\" data-uniq-id=\"yUb1h\" data-generated-css=\"brz-css-dxB_9\"><span class=\"brz-cp-color3\" style=\"color: rgba(var(--brz-global-color3),1);\">Datum der Erstel\u00adlung<\/span><\/h2>\n<p class=\"brz-tp-lg-paragraph brz-css-oNceo\" data-uniq-id=\"byNWz\" data-generated-css=\"brz-css-uW7QI\"><span class=\"brz-cp-color7\">Diese Erkl\u00e4rung wurde am 25.06.2025 erstellt.<\/span><\/p>\n<p class=\"brz-tp-lg-paragraph brz-css-yBlFH\" data-uniq-id=\"uxghE\" data-generated-css=\"brz-css-o_enM\"><span class=\"brz-cp-color7\"> <\/span><\/p>\n<h2 class=\"brz-tp-lg-heading2 brz-css-dtINK\" data-uniq-id=\"se39p\" data-generated-css=\"brz-css-fdpmp\"><span class=\"brz-cp-color3\" style=\"color: rgba(var(--brz-global-color3),1);\">Feed\u00adback und Kontakt\u00adan\u00adgaben<\/span><\/h2>\n<p class=\"brz-fsft-lg-0 brz-fwdth-lg-100 brz-vfw-lg-400 brz-lh-lg-1_5 brz-ls-lg-0 brz-fw-lg-400 brz-fss-lg-px brz-fs-lg-17 brz-ft-upload brz-ff-vMzLei3r_GHW brz-tp-xs-paragraph brz-tp-sm-paragraph brz-tp-lg-paragraph brz-css-wJvRA\" data-uniq-id=\"i3cD9\" data-generated-css=\"brz-css-a3MTU\"><span class=\"brz-cp-color7\">Sie m\u00f6chten uns bestehende Barrieren mitteilen oder Informationen zur Umsetzung der Barrierefreiheit erfragen? F\u00fcr Ihr Feedback sowie alle weiteren Informationen sprechen Sie uns unter&nbsp;<\/span><a class=\"link--external brz-cp-color3 brz-bold-true\" style=\"color: rgba(var(--brz-global-color3),1);\" href=\"mailto:markteting@bfz.de\" data-brz-link-type=\"external\"><strong>marketing@bfz.de<\/strong><\/a><span class=\"brz-cp-color7\">&nbsp;an.<\/span><\/p>\n<\/div>\n<\/div>\n<\/div>\n<div id=\"\" class=\"brz-css-d-wrapper brz-css-ok108h brz-wrapper\">\n<div class=\"brz-line brz-line-default brz-css-d-line brz-css-92yuin\" data-brz-custom-id=\"uQIAtrGpwyOq\">\n<hr class=\"brz-hr\"><\/div>\n<\/div>\n<\/div>\n<\/div>\n<\/section><\/div>\n<p><!-- version:1776185190 --><\/p>","protected":false},"excerpt":{"rendered":"<p>German Czech Italian Ukrainian English Erkl\u00e4rung zur Barrierefreiheit Die Beruflichen Fortbildungszentren der Bayerischen Wirtschaft (bfz) gGmbH ist bem\u00fcht, ihre Website stai-project.eu, im Einklang mit dem Barrierefreiheitsst\u00e4rkungsgesetz, barrierefrei zug\u00e4nglich zu machen. Diese Erkl\u00e4rung zur Barrierefreiheit gilt f\u00fcr die unter der Domain stai-project.eu ver\u00f6ffentlichten Webseite der Beruflichen Fortbildungszentren der Bayerischen Wirtschaft (bfz) gGmbH. Stand der Verein\u00adbar\u00adkeit mit [&hellip;]<\/p>\n","protected":false},"author":1,"featured_media":0,"parent":0,"menu_order":0,"comment_status":"closed","ping_status":"closed","template":"brizy-blank-template.php","meta":{"footnotes":""},"class_list":["post-1009","page","type-page","status-publish","hentry","wpbf-post"],"brizy_media":[],"_links":{"self":[{"href":"https:\/\/stai-project.eu\/it\/wp-json\/wp\/v2\/pages\/1009","targetHints":{"allow":["GET"]}}],"collection":[{"href":"https:\/\/stai-project.eu\/it\/wp-json\/wp\/v2\/pages"}],"about":[{"href":"https:\/\/stai-project.eu\/it\/wp-json\/wp\/v2\/types\/page"}],"author":[{"embeddable":true,"href":"https:\/\/stai-project.eu\/it\/wp-json\/wp\/v2\/users\/1"}],"replies":[{"embeddable":true,"href":"https:\/\/stai-project.eu\/it\/wp-json\/wp\/v2\/comments?post=1009"}],"version-history":[{"count":14,"href":"https:\/\/stai-project.eu\/it\/wp-json\/wp\/v2\/pages\/1009\/revisions"}],"predecessor-version":[{"id":1137,"href":"https:\/\/stai-project.eu\/it\/wp-json\/wp\/v2\/pages\/1009\/revisions\/1137"}],"wp:attachment":[{"href":"https:\/\/stai-project.eu\/it\/wp-json\/wp\/v2\/media?parent=1009"}],"curies":[{"name":"wp","href":"https:\/\/api.w.org\/{rel}","templated":true}]}}